{"id":46,"date":"2020-03-09T16:41:08","date_gmt":"2020-03-09T15:41:08","guid":{"rendered":"https:\/\/www.martinmalina.com\/?page_id=46"},"modified":"2020-03-10T12:06:52","modified_gmt":"2020-03-10T11:06:52","slug":"portfolio-2","status":"publish","type":"page","link":"https:\/\/www.martinmalina.com\/?page_id=46","title":{"rendered":"PORTFOLIO"},"content":{"rendered":"\n<p>Portfolio Martina Malinu. <\/p>\n\n\n\n<p>Martin Malina je grafick\u00fd dizajn\u00e9er venuj\u00faci sa po\u010d\u00edta\u010dovej grafike, ilustr\u00e1ci\u00ed, anim\u00e1ci\u00ed, tradi\u010dn\u00fdm grafick\u00fdm technik\u00e1m, vizu\u00e1lnemu umeniu a sie\u0165otla\u010di. V tomto portf\u00f3liu mo\u017eete vidie\u0165 diela, ktor\u00e9 som  robil na vo\u013ene umeleckej b\u00e1ze ale taktie\u017e aj komern\u00e9 veci. <\/p>\n","protected":false},"excerpt":{"rendered":"<p>Portfolio Martina Malinu. Martin Malina je grafick\u00fd dizajn\u00e9er venuj\u00faci sa po\u010d\u00edta\u010dovej grafike, ilustr\u00e1ci\u00ed, anim\u00e1ci\u00ed, tradi\u010dn\u00fdm grafick\u00fdm technik\u00e1m, vizu\u00e1lnemu umeniu a sie\u0165otla\u010di. V tomto portf\u00f3liu mo\u017eete vidie\u0165 diela, ktor\u00e9 som robil na vo\u013ene umeleckej b\u00e1ze ale taktie\u017e aj komern\u00e9 veci.<\/p>\n","protected":false},"author":1,"featured_media":27,"parent":0,"menu_order":0,"comment_status":"closed","ping_status":"closed","template":"templates\/full-width-page.php","meta":[],"_links":{"self":[{"href":"https:\/\/www.martinmalina.com\/index.php?rest_route=\/wp\/v2\/pages\/46"}],"collection":[{"href":"https:\/\/www.martinmalina.com\/index.php?rest_route=\/wp\/v2\/pages"}],"about":[{"href":"https:\/\/www.martinmalina.com\/index.php?rest_route=\/wp\/v2\/types\/page"}],"author":[{"embeddable":true,"href":"https:\/\/www.martinmalina.com\/index.php?rest_route=\/wp\/v2\/users\/1"}],"replies":[{"embeddable":true,"href":"https:\/\/www.martinmalina.com\/index.php?rest_route=%2Fwp%2Fv2%2Fcomments&post=46"}],"version-history":[{"count":3,"href":"https:\/\/www.martinmalina.com\/index.php?rest_route=\/wp\/v2\/pages\/46\/revisions"}],"predecessor-version":[{"id":78,"href":"https:\/\/www.martinmalina.com\/index.php?rest_route=\/wp\/v2\/pages\/46\/revisions\/78"}],"wp:featuredmedia":[{"embeddable":true,"href":"https:\/\/www.martinmalina.com\/index.php?rest_route=\/wp\/v2\/media\/27"}],"wp:attachment":[{"href":"https:\/\/www.martinmalina.com\/index.php?rest_route=%2Fwp%2Fv2%2Fmedia&parent=46"}],"curies":[{"name":"wp","href":"https:\/\/api.w.org\/{rel}","templated":true}]}}