{"id":222,"date":"2020-03-10T18:56:34","date_gmt":"2020-03-10T17:56:34","guid":{"rendered":"https:\/\/www.martinmalina.com\/?page_id=222"},"modified":"2020-03-11T10:38:48","modified_gmt":"2020-03-11T09:38:48","slug":"domus-martin-mistrik-malina","status":"publish","type":"page","link":"https:\/\/www.martinmalina.com\/?page_id=222","title":{"rendered":"DOMUS \/ Martin Mistr\u00edk X Malina"},"content":{"rendered":"\n<p style=\"text-align:center\"><em>V spolupr\u00e1ci s Martinom Mistr\u00edkom sme pre firmu <strong>Domus<\/strong> navrhovali hracie sedmov\u00e9 karty, kde som vytvoril \u0161tilizovan\u00fa ilustr\u00e1ciu, ktor\u00e1 nadvezuje na p\u00f4vodn\u00fd ,,klasick\u00fd&#8220; vzh\u013ead kariet. Geometrick\u00fdmi tvarmi sme sa sna\u017eili priniez\u0165 aj do klasi\u010dnosti nie\u010do modern\u00e9. V\u0161etky karty boli roben\u00e9 sp\u00f4sobom najprv ru\u010dnej kresby a nesk\u00f4r posun do digit\u00e1lnej formy. <\/em><\/p>\n\n\n\n<ul class=\"wp-block-gallery alignwide columns-3 is-cropped\"><li class=\"blocks-gallery-item\"><figure><img loading=\"lazy\" width=\"1024\" height=\"758\" src=\"https:\/\/www.martinmalina.com\/wp-content\/uploads\/2020\/03\/Screen-Shot-2020-03-10-at-18.55.32-1024x758.png\" alt=\"\" data-id=\"227\" data-link=\"https:\/\/www.martinmalina.com\/?attachment_id=227\" class=\"wp-image-227\" srcset=\"https:\/\/www.martinmalina.com\/wp-content\/uploads\/2020\/03\/Screen-Shot-2020-03-10-at-18.55.32-1024x758.png 1024w, https:\/\/www.martinmalina.com\/wp-content\/uploads\/2020\/03\/Screen-Shot-2020-03-10-at-18.55.32-300x222.png 300w, https:\/\/www.martinmalina.com\/wp-content\/uploads\/2020\/03\/Screen-Shot-2020-03-10-at-18.55.32-768x569.png 768w\" sizes=\"(max-width: 1024px) 100vw, 1024px\" \/><\/figure><\/li><li class=\"blocks-gallery-item\"><figure><img loading=\"lazy\" width=\"1024\" height=\"750\" src=\"https:\/\/www.martinmalina.com\/wp-content\/uploads\/2020\/03\/Screen-Shot-2020-03-10-at-18.55.22-1024x750.png\" alt=\"\" data-id=\"228\" data-link=\"https:\/\/www.martinmalina.com\/?attachment_id=228\" class=\"wp-image-228\" srcset=\"https:\/\/www.martinmalina.com\/wp-content\/uploads\/2020\/03\/Screen-Shot-2020-03-10-at-18.55.22-1024x750.png 1024w, https:\/\/www.martinmalina.com\/wp-content\/uploads\/2020\/03\/Screen-Shot-2020-03-10-at-18.55.22-300x220.png 300w, https:\/\/www.martinmalina.com\/wp-content\/uploads\/2020\/03\/Screen-Shot-2020-03-10-at-18.55.22-768x563.png 768w\" sizes=\"(max-width: 1024px) 100vw, 1024px\" \/><\/figure><\/li><li class=\"blocks-gallery-item\"><figure><img loading=\"lazy\" width=\"1024\" height=\"755\" src=\"https:\/\/www.martinmalina.com\/wp-content\/uploads\/2020\/03\/Screen-Shot-2020-03-10-at-18.55.11-1024x755.png\" alt=\"\" data-id=\"229\" data-link=\"https:\/\/www.martinmalina.com\/?attachment_id=229\" class=\"wp-image-229\" srcset=\"https:\/\/www.martinmalina.com\/wp-content\/uploads\/2020\/03\/Screen-Shot-2020-03-10-at-18.55.11-1024x755.png 1024w, https:\/\/www.martinmalina.com\/wp-content\/uploads\/2020\/03\/Screen-Shot-2020-03-10-at-18.55.11-300x221.png 300w, https:\/\/www.martinmalina.com\/wp-content\/uploads\/2020\/03\/Screen-Shot-2020-03-10-at-18.55.11-768x566.png 768w\" sizes=\"(max-width: 1024px) 100vw, 1024px\" \/><\/figure><\/li><li class=\"blocks-gallery-item\"><figure><img loading=\"lazy\" width=\"1024\" height=\"752\" src=\"https:\/\/www.martinmalina.com\/wp-content\/uploads\/2020\/03\/Screen-Shot-2020-03-10-at-18.54.59-1024x752.png\" alt=\"\" data-id=\"230\" data-link=\"https:\/\/www.martinmalina.com\/?attachment_id=230\" class=\"wp-image-230\" srcset=\"https:\/\/www.martinmalina.com\/wp-content\/uploads\/2020\/03\/Screen-Shot-2020-03-10-at-18.54.59-1024x752.png 1024w, https:\/\/www.martinmalina.com\/wp-content\/uploads\/2020\/03\/Screen-Shot-2020-03-10-at-18.54.59-300x220.png 300w, https:\/\/www.martinmalina.com\/wp-content\/uploads\/2020\/03\/Screen-Shot-2020-03-10-at-18.54.59-768x564.png 768w\" sizes=\"(max-width: 1024px) 100vw, 1024px\" \/><\/figure><\/li><li class=\"blocks-gallery-item\"><figure><img loading=\"lazy\" width=\"1024\" height=\"759\" src=\"https:\/\/www.martinmalina.com\/wp-content\/uploads\/2020\/03\/Screen-Shot-2020-03-10-at-18.54.48-1024x759.png\" alt=\"\" data-id=\"231\" data-link=\"https:\/\/www.martinmalina.com\/?attachment_id=231\" class=\"wp-image-231\" srcset=\"https:\/\/www.martinmalina.com\/wp-content\/uploads\/2020\/03\/Screen-Shot-2020-03-10-at-18.54.48-1024x759.png 1024w, https:\/\/www.martinmalina.com\/wp-content\/uploads\/2020\/03\/Screen-Shot-2020-03-10-at-18.54.48-300x222.png 300w, https:\/\/www.martinmalina.com\/wp-content\/uploads\/2020\/03\/Screen-Shot-2020-03-10-at-18.54.48-768x569.png 768w\" sizes=\"(max-width: 1024px) 100vw, 1024px\" \/><\/figure><\/li><\/ul>\n\n\n\n<p style=\"text-align:center\"><em>Digit\u00e1lna forma kariet<\/em><\/p>\n\n\n\n<ul class=\"wp-block-gallery alignwide columns-2 is-cropped\"><li class=\"blocks-gallery-item\"><figure><img loading=\"lazy\" width=\"724\" height=\"1024\" src=\"https:\/\/www.martinmalina.com\/wp-content\/uploads\/2020\/03\/karty_3-724x1024.jpg\" alt=\"\" data-id=\"235\" data-link=\"https:\/\/www.martinmalina.com\/?attachment_id=235\" class=\"wp-image-235\" srcset=\"https:\/\/www.martinmalina.com\/wp-content\/uploads\/2020\/03\/karty_3-724x1024.jpg 724w, https:\/\/www.martinmalina.com\/wp-content\/uploads\/2020\/03\/karty_3-212x300.jpg 212w, https:\/\/www.martinmalina.com\/wp-content\/uploads\/2020\/03\/karty_3-768x1086.jpg 768w\" sizes=\"(max-width: 724px) 100vw, 724px\" \/><\/figure><\/li><li class=\"blocks-gallery-item\"><figure><img loading=\"lazy\" width=\"724\" height=\"1024\" src=\"https:\/\/www.martinmalina.com\/wp-content\/uploads\/2020\/03\/KATY_2-724x1024.jpg\" alt=\"\" data-id=\"236\" data-link=\"https:\/\/www.martinmalina.com\/?attachment_id=236\" class=\"wp-image-236\" srcset=\"https:\/\/www.martinmalina.com\/wp-content\/uploads\/2020\/03\/KATY_2-724x1024.jpg 724w, https:\/\/www.martinmalina.com\/wp-content\/uploads\/2020\/03\/KATY_2-212x300.jpg 212w, https:\/\/www.martinmalina.com\/wp-content\/uploads\/2020\/03\/KATY_2-768x1086.jpg 768w\" sizes=\"(max-width: 724px) 100vw, 724px\" \/><\/figure><\/li><li class=\"blocks-gallery-item\"><figure><img loading=\"lazy\" width=\"724\" height=\"1024\" src=\"https:\/\/www.martinmalina.com\/wp-content\/uploads\/2020\/03\/1_KARTY-724x1024.jpg\" alt=\"\" data-id=\"237\" data-link=\"https:\/\/www.martinmalina.com\/?attachment_id=237\" class=\"wp-image-237\" srcset=\"https:\/\/www.martinmalina.com\/wp-content\/uploads\/2020\/03\/1_KARTY-724x1024.jpg 724w, https:\/\/www.martinmalina.com\/wp-content\/uploads\/2020\/03\/1_KARTY-212x300.jpg 212w, https:\/\/www.martinmalina.com\/wp-content\/uploads\/2020\/03\/1_KARTY-768x1086.jpg 768w\" sizes=\"(max-width: 724px) 100vw, 724px\" \/><\/figure><\/li><\/ul>\n\n\n\n<p style=\"text-align:center\"><em>V\u00fdsledn\u00fd produkt<\/em><\/p>\n","protected":false},"excerpt":{"rendered":"<p>V spolupr\u00e1ci s Martinom Mistr\u00edkom sme pre firmu Domus navrhovali hracie sedmov\u00e9 karty, kde som vytvoril \u0161tilizovan\u00fa ilustr\u00e1ciu, ktor\u00e1 nadvezuje na p\u00f4vodn\u00fd ,,klasick\u00fd&#8220; vzh\u013ead kariet. Geometrick\u00fdmi tvarmi sme sa sna\u017eili priniez\u0165 aj do klasi\u010dnosti nie\u010do modern\u00e9. V\u0161etky karty boli roben\u00e9 sp\u00f4sobom najprv ru\u010dnej kresby a nesk\u00f4r posun do digit\u00e1lnej formy. Digit\u00e1lna forma kariet V\u00fdsledn\u00fd produkt<\/p>\n","protected":false},"author":1,"featured_media":0,"parent":11,"menu_order":0,"comment_status":"closed","ping_status":"closed","template":"templates\/no-sidebar.php","meta":[],"_links":{"self":[{"href":"https:\/\/www.martinmalina.com\/index.php?rest_route=\/wp\/v2\/pages\/222"}],"collection":[{"href":"https:\/\/www.martinmalina.com\/index.php?rest_route=\/wp\/v2\/pages"}],"about":[{"href":"https:\/\/www.martinmalina.com\/index.php?rest_route=\/wp\/v2\/types\/page"}],"author":[{"embeddable":true,"href":"https:\/\/www.martinmalina.com\/index.php?rest_route=\/wp\/v2\/users\/1"}],"replies":[{"embeddable":true,"href":"https:\/\/www.martinmalina.com\/index.php?rest_route=%2Fwp%2Fv2%2Fcomments&post=222"}],"version-history":[{"count":9,"href":"https:\/\/www.martinmalina.com\/index.php?rest_route=\/wp\/v2\/pages\/222\/revisions"}],"predecessor-version":[{"id":247,"href":"https:\/\/www.martinmalina.com\/index.php?rest_route=\/wp\/v2\/pages\/222\/revisions\/247"}],"up":[{"embeddable":true,"href":"https:\/\/www.martinmalina.com\/index.php?rest_route=\/wp\/v2\/pages\/11"}],"wp:attachment":[{"href":"https:\/\/www.martinmalina.com\/index.php?rest_route=%2Fwp%2Fv2%2Fmedia&parent=222"}],"curies":[{"name":"wp","href":"https:\/\/api.w.org\/{rel}","templated":true}]}}