{"id":184,"date":"2020-03-10T16:07:09","date_gmt":"2020-03-10T15:07:09","guid":{"rendered":"https:\/\/www.martinmalina.com\/?page_id=184"},"modified":"2020-03-10T16:26:18","modified_gmt":"2020-03-10T15:26:18","slug":"linoryt","status":"publish","type":"page","link":"https:\/\/www.martinmalina.com\/?page_id=184","title":{"rendered":"LINORYT"},"content":{"rendered":"\n<p style=\"text-align:center\"><em>Je tradi\u010dn\u00e1 <strong>grafick\u00e1 technika<\/strong> za pomoci ktorou sa d\u00e1 vytvori\u0165 n\u00e1met pomocou linolea a rydiel, ktor\u00fd n\u00e1sledne otl\u00e1\u010dame pomocou \u0161peci\u00e1lnych farieb pod tlakom na papier. Pri tejto technike ide o jedine\u010dnos\u0165 v\u00fdtla\u010dkov, ked\u017ee ka\u017ed\u00fd z nich je unik\u00e1t. <\/em><\/p>\n\n\n\n<figure class=\"wp-block-image alignwide\"><img loading=\"lazy\" width=\"1024\" height=\"560\" src=\"https:\/\/www.martinmalina.com\/wp-content\/uploads\/2020\/03\/ulica_f-1024x560.jpg\" alt=\"\" class=\"wp-image-200\" srcset=\"https:\/\/www.martinmalina.com\/wp-content\/uploads\/2020\/03\/ulica_f-1024x560.jpg 1024w, https:\/\/www.martinmalina.com\/wp-content\/uploads\/2020\/03\/ulica_f-300x164.jpg 300w, https:\/\/www.martinmalina.com\/wp-content\/uploads\/2020\/03\/ulica_f-768x420.jpg 768w, https:\/\/www.martinmalina.com\/wp-content\/uploads\/2020\/03\/ulica_f.jpg 1920w\" sizes=\"(max-width: 1024px) 100vw, 1024px\" \/><figcaption><strong>Tren\u010dianska ulica <\/strong>&#8211; 2019<\/figcaption><\/figure>\n","protected":false},"excerpt":{"rendered":"<p>Je tradi\u010dn\u00e1 grafick\u00e1 technika za pomoci ktorou sa d\u00e1 vytvori\u0165 n\u00e1met pomocou linolea a rydiel, ktor\u00fd n\u00e1sledne otl\u00e1\u010dame pomocou \u0161peci\u00e1lnych farieb pod tlakom na papier. Pri tejto technike ide o jedine\u010dnos\u0165 v\u00fdtla\u010dkov, ked\u017ee ka\u017ed\u00fd z nich je unik\u00e1t.<\/p>\n","protected":false},"author":1,"featured_media":199,"parent":46,"menu_order":0,"comment_status":"closed","ping_status":"closed","template":"templates\/no-sidebar.php","meta":[],"_links":{"self":[{"href":"https:\/\/www.martinmalina.com\/index.php?rest_route=\/wp\/v2\/pages\/184"}],"collection":[{"href":"https:\/\/www.martinmalina.com\/index.php?rest_route=\/wp\/v2\/pages"}],"about":[{"href":"https:\/\/www.martinmalina.com\/index.php?rest_route=\/wp\/v2\/types\/page"}],"author":[{"embeddable":true,"href":"https:\/\/www.martinmalina.com\/index.php?rest_route=\/wp\/v2\/users\/1"}],"replies":[{"embeddable":true,"href":"https:\/\/www.martinmalina.com\/index.php?rest_route=%2Fwp%2Fv2%2Fcomments&post=184"}],"version-history":[{"count":5,"href":"https:\/\/www.martinmalina.com\/index.php?rest_route=\/wp\/v2\/pages\/184\/revisions"}],"predecessor-version":[{"id":203,"href":"https:\/\/www.martinmalina.com\/index.php?rest_route=\/wp\/v2\/pages\/184\/revisions\/203"}],"up":[{"embeddable":true,"href":"https:\/\/www.martinmalina.com\/index.php?rest_route=\/wp\/v2\/pages\/46"}],"wp:featuredmedia":[{"embeddable":true,"href":"https:\/\/www.martinmalina.com\/index.php?rest_route=\/wp\/v2\/media\/199"}],"wp:attachment":[{"href":"https:\/\/www.martinmalina.com\/index.php?rest_route=%2Fwp%2Fv2%2Fmedia&parent=184"}],"curies":[{"name":"wp","href":"https:\/\/api.w.org\/{rel}","templated":true}]}}