{"id":128,"date":"2020-03-10T12:18:35","date_gmt":"2020-03-10T11:18:35","guid":{"rendered":"https:\/\/www.martinmalina.com\/?page_id=128"},"modified":"2020-03-10T18:39:36","modified_gmt":"2020-03-10T17:39:36","slug":"labyrint","status":"publish","type":"page","link":"https:\/\/www.martinmalina.com\/?page_id=128","title":{"rendered":"Labyrint"},"content":{"rendered":"\n<p style=\"text-align:center\"><strong><em>Labyrint<\/em><\/strong><em> je reflexiou na to, ako vn\u00edmame svoje \u017eivoty a ako s nimi zaobch\u00e1dzame. Ka\u017ed\u00fd z n\u00e1s h\u013ead\u00e1 po\u010das svojho \u017eivota hodnoty ako: chcem by\u0165 \u0161\u0165astn\u00fd, chcem ma\u0165 peniaze, chcem ma\u0165 dom, chcem ma\u0165 rodinu, ka\u017ed\u00fd h\u013ead\u00e1 svoj cie\u013e. Ale cesta k nemu je labyrintom. Labyrintom, ktor\u00fd zost\u00e1va nevyrie\u0161en\u00fd, preto\u017ee aj ke\u010f za nie\u010d\u00edm cel\u00fd \u017eivot ideme, st\u00e1le je pred nami \u010dosi nedosiahnute\u013en\u00e9. A tak si na sklonku \u017eivota \u010dlovek uvedom\u00ed, \u017ee nikdy nedospel do cie\u013ea a v\u0161etko, \u010do na\u0161iel, mu bolo m\u00e1lo. Ka\u017ed\u00fd z n\u00e1s je Minotaurom vo vlastnom labyrinte.<\/em><\/p>\n\n\n\n<ul class=\"wp-block-gallery alignfull columns-2 is-cropped\"><li class=\"blocks-gallery-item\"><figure><img loading=\"lazy\" width=\"724\" height=\"1024\" src=\"https:\/\/www.martinmalina.com\/wp-content\/uploads\/2020\/03\/labyrint_-1-724x1024.jpg\" alt=\"\" data-id=\"141\" data-link=\"https:\/\/www.martinmalina.com\/?attachment_id=141\" class=\"wp-image-141\" srcset=\"https:\/\/www.martinmalina.com\/wp-content\/uploads\/2020\/03\/labyrint_-1-724x1024.jpg 724w, https:\/\/www.martinmalina.com\/wp-content\/uploads\/2020\/03\/labyrint_-1-212x300.jpg 212w, https:\/\/www.martinmalina.com\/wp-content\/uploads\/2020\/03\/labyrint_-1-768x1086.jpg 768w\" sizes=\"(max-width: 724px) 100vw, 724px\" \/><figcaption>Labyrint &#8211; 2019 <br>&#8211; Nepredajn\u00e9<\/figcaption><\/figure><\/li><li class=\"blocks-gallery-item\"><figure><img loading=\"lazy\" width=\"724\" height=\"1024\" src=\"https:\/\/www.martinmalina.com\/wp-content\/uploads\/2020\/03\/minotaurus-2-724x1024.jpg\" alt=\"\" data-id=\"142\" data-link=\"https:\/\/www.martinmalina.com\/?attachment_id=142\" class=\"wp-image-142\" srcset=\"https:\/\/www.martinmalina.com\/wp-content\/uploads\/2020\/03\/minotaurus-2-724x1024.jpg 724w, https:\/\/www.martinmalina.com\/wp-content\/uploads\/2020\/03\/minotaurus-2-212x300.jpg 212w, https:\/\/www.martinmalina.com\/wp-content\/uploads\/2020\/03\/minotaurus-2-768x1086.jpg 768w\" sizes=\"(max-width: 724px) 100vw, 724px\" \/><figcaption>Minotaurus &#8211; 2019<br>&#8211; 80 EUR<\/figcaption><\/figure><\/li><li class=\"blocks-gallery-item\"><figure><img loading=\"lazy\" width=\"1024\" height=\"724\" src=\"https:\/\/www.martinmalina.com\/wp-content\/uploads\/2020\/03\/labyrint-1-1024x724.jpg\" alt=\"\" data-id=\"143\" data-link=\"https:\/\/www.martinmalina.com\/?attachment_id=143\" class=\"wp-image-143\" srcset=\"https:\/\/www.martinmalina.com\/wp-content\/uploads\/2020\/03\/labyrint-1-1024x724.jpg 1024w, https:\/\/www.martinmalina.com\/wp-content\/uploads\/2020\/03\/labyrint-1-300x212.jpg 300w, https:\/\/www.martinmalina.com\/wp-content\/uploads\/2020\/03\/labyrint-1-768x543.jpg 768w\" sizes=\"(max-width: 1024px) 100vw, 1024px\" \/><figcaption>Labyrint &#8211; 2017<br>&#8211; 30 EUR<\/figcaption><\/figure><\/li><\/ul>\n","protected":false},"excerpt":{"rendered":"<p>Labyrint je reflexiou na to, ako vn\u00edmame svoje \u017eivoty a ako s nimi zaobch\u00e1dzame. Ka\u017ed\u00fd z n\u00e1s h\u013ead\u00e1 po\u010das svojho \u017eivota hodnoty ako: chcem by\u0165 \u0161\u0165astn\u00fd, chcem ma\u0165 peniaze, chcem ma\u0165 dom, chcem ma\u0165 rodinu, ka\u017ed\u00fd h\u013ead\u00e1 svoj cie\u013e. Ale cesta k nemu je labyrintom. Labyrintom, ktor\u00fd zost\u00e1va nevyrie\u0161en\u00fd, preto\u017ee aj ke\u010f za nie\u010d\u00edm cel\u00fd &hellip; <a href=\"https:\/\/www.martinmalina.com\/?page_id=128\" class=\"more-link\"><span class=\"more-button\">Continue reading &raquo;<span class=\"screen-reader-text\">Labyrint<\/span><\/span><\/a><\/p>\n","protected":false},"author":1,"featured_media":0,"parent":46,"menu_order":0,"comment_status":"closed","ping_status":"closed","template":"templates\/no-sidebar.php","meta":[],"_links":{"self":[{"href":"https:\/\/www.martinmalina.com\/index.php?rest_route=\/wp\/v2\/pages\/128"}],"collection":[{"href":"https:\/\/www.martinmalina.com\/index.php?rest_route=\/wp\/v2\/pages"}],"about":[{"href":"https:\/\/www.martinmalina.com\/index.php?rest_route=\/wp\/v2\/types\/page"}],"author":[{"embeddable":true,"href":"https:\/\/www.martinmalina.com\/index.php?rest_route=\/wp\/v2\/users\/1"}],"replies":[{"embeddable":true,"href":"https:\/\/www.martinmalina.com\/index.php?rest_route=%2Fwp%2Fv2%2Fcomments&post=128"}],"version-history":[{"count":11,"href":"https:\/\/www.martinmalina.com\/index.php?rest_route=\/wp\/v2\/pages\/128\/revisions"}],"predecessor-version":[{"id":215,"href":"https:\/\/www.martinmalina.com\/index.php?rest_route=\/wp\/v2\/pages\/128\/revisions\/215"}],"up":[{"embeddable":true,"href":"https:\/\/www.martinmalina.com\/index.php?rest_route=\/wp\/v2\/pages\/46"}],"wp:attachment":[{"href":"https:\/\/www.martinmalina.com\/index.php?rest_route=%2Fwp%2Fv2%2Fmedia&parent=128"}],"curies":[{"name":"wp","href":"https:\/\/api.w.org\/{rel}","templated":true}]}}