{"id":12,"date":"2019-08-09T15:53:24","date_gmt":"2019-08-09T13:53:24","guid":{"rendered":"https:\/\/www.martinmalina.com\/?page_id=12"},"modified":"2021-11-22T20:41:36","modified_gmt":"2021-11-22T19:41:36","slug":"contact","status":"publish","type":"page","link":"https:\/\/www.martinmalina.com\/?page_id=12","title":{"rendered":"CONTACT"},"content":{"rendered":"\n<figure class=\"wp-block-gallery alignfull columns-1 is-cropped\"><ul class=\"blocks-gallery-grid\"><li class=\"blocks-gallery-item\"><figure><img loading=\"lazy\" width=\"1024\" height=\"419\" src=\"https:\/\/www.martinmalina.com\/wp-content\/uploads\/2020\/03\/malina_Ss-1024x419.jpg\" alt=\"\" data-id=\"218\" data-link=\"https:\/\/www.martinmalina.com\/?attachment_id=218\" class=\"wp-image-218\" srcset=\"https:\/\/www.martinmalina.com\/wp-content\/uploads\/2020\/03\/malina_Ss-1024x419.jpg 1024w, https:\/\/www.martinmalina.com\/wp-content\/uploads\/2020\/03\/malina_Ss-300x123.jpg 300w, https:\/\/www.martinmalina.com\/wp-content\/uploads\/2020\/03\/malina_Ss-768x315.jpg 768w, https:\/\/www.martinmalina.com\/wp-content\/uploads\/2020\/03\/malina_Ss.jpg 1980w\" sizes=\"(max-width: 1024px) 100vw, 1024px\" \/><\/figure><\/li><\/ul><\/figure>\n\n\n\n<blockquote class=\"wp-block-quote has-text-align-center\"><p><strong>Martin Malina <\/strong><\/p><p><strong>Ateli\u00e9r Perinbaba <\/strong><\/p><p><strong>Nov\u00e1 Cvernovka, Ra\u010diansk\u00e1 78 <\/strong><\/p><p><strong>Bratislava<\/strong><\/p><p><strong>+421 917 469 778<\/strong><\/p><p>info@martinmalina.com<\/p><\/blockquote>\n","protected":false},"excerpt":{"rendered":"<p>Martin Malina Ateli\u00e9r Perinbaba Nov\u00e1 Cvernovka, Ra\u010diansk\u00e1 78 Bratislava +421 917 469 778 info@martinmalina.com<\/p>\n","protected":false},"author":1,"featured_media":0,"parent":0,"menu_order":0,"comment_status":"closed","ping_status":"closed","template":"templates\/full-width-page.php","meta":[],"_links":{"self":[{"href":"https:\/\/www.martinmalina.com\/index.php?rest_route=\/wp\/v2\/pages\/12"}],"collection":[{"href":"https:\/\/www.martinmalina.com\/index.php?rest_route=\/wp\/v2\/pages"}],"about":[{"href":"https:\/\/www.martinmalina.com\/index.php?rest_route=\/wp\/v2\/types\/page"}],"author":[{"embeddable":true,"href":"https:\/\/www.martinmalina.com\/index.php?rest_route=\/wp\/v2\/users\/1"}],"replies":[{"embeddable":true,"href":"https:\/\/www.martinmalina.com\/index.php?rest_route=%2Fwp%2Fv2%2Fcomments&post=12"}],"version-history":[{"count":11,"href":"https:\/\/www.martinmalina.com\/index.php?rest_route=\/wp\/v2\/pages\/12\/revisions"}],"predecessor-version":[{"id":283,"href":"https:\/\/www.martinmalina.com\/index.php?rest_route=\/wp\/v2\/pages\/12\/revisions\/283"}],"wp:attachment":[{"href":"https:\/\/www.martinmalina.com\/index.php?rest_route=%2Fwp%2Fv2%2Fmedia&parent=12"}],"curies":[{"name":"wp","href":"https:\/\/api.w.org\/{rel}","templated":true}]}}