{"id":119,"date":"2020-03-10T12:08:28","date_gmt":"2020-03-10T11:08:28","guid":{"rendered":"https:\/\/www.martinmalina.com\/?page_id=119"},"modified":"2020-03-10T13:30:45","modified_gmt":"2020-03-10T12:30:45","slug":"spinal-cord","status":"publish","type":"page","link":"https:\/\/www.martinmalina.com\/?page_id=119","title":{"rendered":"Spinal Cord"},"content":{"rendered":"\n<p style=\"text-align:center\"><strong><em>Spinal Cord &#8211; Miecha<\/em><\/strong><em> poukazuje na to ako ka\u017ed\u00fd \u010dlovek na plan\u00e9te rob\u00ed to \u010do rob\u00ed a dok\u00e1\u017ee rozm\u00fd\u0161la\u0165 je na z\u00e1klade mozgu a jeho elektrosign\u00e1lov do miechy, ktor\u00e1 rozpohybuje jeho telo a za\u010d\u00edna sa f\u00e1za pr\u00e1ce alebo rozm\u00fd\u0161lania. Mozog a miecha je neuverite\u013en\u00fd org\u00e1n, ktor\u00fd nedok\u00e1\u017eu niekedy pochopi\u0165 ani sami vedci a lek\u00e1ri. <\/em><\/p>\n\n\n\n<ul class=\"wp-block-gallery alignfull columns-2 is-cropped\"><li class=\"blocks-gallery-item\"><figure><img loading=\"lazy\" width=\"724\" height=\"1024\" src=\"https:\/\/www.martinmalina.com\/wp-content\/uploads\/2020\/03\/Miecha_-724x1024.jpg\" alt=\"\" data-id=\"124\" data-link=\"https:\/\/www.martinmalina.com\/?attachment_id=124\" class=\"wp-image-124\" srcset=\"https:\/\/www.martinmalina.com\/wp-content\/uploads\/2020\/03\/Miecha_-724x1024.jpg 724w, https:\/\/www.martinmalina.com\/wp-content\/uploads\/2020\/03\/Miecha_-212x300.jpg 212w, https:\/\/www.martinmalina.com\/wp-content\/uploads\/2020\/03\/Miecha_-768x1086.jpg 768w\" sizes=\"(max-width: 724px) 100vw, 724px\" \/><\/figure><\/li><li class=\"blocks-gallery-item\"><figure><img loading=\"lazy\" width=\"724\" height=\"1024\" src=\"https:\/\/www.martinmalina.com\/wp-content\/uploads\/2020\/03\/Spinal_lebka-724x1024.jpg\" alt=\"\" data-id=\"125\" data-link=\"https:\/\/www.martinmalina.com\/?attachment_id=125\" class=\"wp-image-125\" srcset=\"https:\/\/www.martinmalina.com\/wp-content\/uploads\/2020\/03\/Spinal_lebka-724x1024.jpg 724w, https:\/\/www.martinmalina.com\/wp-content\/uploads\/2020\/03\/Spinal_lebka-212x300.jpg 212w, https:\/\/www.martinmalina.com\/wp-content\/uploads\/2020\/03\/Spinal_lebka-768x1086.jpg 768w\" sizes=\"(max-width: 724px) 100vw, 724px\" \/><\/figure><\/li><\/ul>\n","protected":false},"excerpt":{"rendered":"<p>Spinal Cord &#8211; Miecha poukazuje na to ako ka\u017ed\u00fd \u010dlovek na plan\u00e9te rob\u00ed to \u010do rob\u00ed a dok\u00e1\u017ee rozm\u00fd\u0161la\u0165 je na z\u00e1klade mozgu a jeho elektrosign\u00e1lov do miechy, ktor\u00e1 rozpohybuje jeho telo a za\u010d\u00edna sa f\u00e1za pr\u00e1ce alebo rozm\u00fd\u0161lania. Mozog a miecha je neuverite\u013en\u00fd org\u00e1n, ktor\u00fd nedok\u00e1\u017eu niekedy pochopi\u0165 ani sami vedci a lek\u00e1ri.<\/p>\n","protected":false},"author":1,"featured_media":0,"parent":46,"menu_order":0,"comment_status":"closed","ping_status":"closed","template":"templates\/no-sidebar.php","meta":[],"_links":{"self":[{"href":"https:\/\/www.martinmalina.com\/index.php?rest_route=\/wp\/v2\/pages\/119"}],"collection":[{"href":"https:\/\/www.martinmalina.com\/index.php?rest_route=\/wp\/v2\/pages"}],"about":[{"href":"https:\/\/www.martinmalina.com\/index.php?rest_route=\/wp\/v2\/types\/page"}],"author":[{"embeddable":true,"href":"https:\/\/www.martinmalina.com\/index.php?rest_route=\/wp\/v2\/users\/1"}],"replies":[{"embeddable":true,"href":"https:\/\/www.martinmalina.com\/index.php?rest_route=%2Fwp%2Fv2%2Fcomments&post=119"}],"version-history":[{"count":6,"href":"https:\/\/www.martinmalina.com\/index.php?rest_route=\/wp\/v2\/pages\/119\/revisions"}],"predecessor-version":[{"id":180,"href":"https:\/\/www.martinmalina.com\/index.php?rest_route=\/wp\/v2\/pages\/119\/revisions\/180"}],"up":[{"embeddable":true,"href":"https:\/\/www.martinmalina.com\/index.php?rest_route=\/wp\/v2\/pages\/46"}],"wp:attachment":[{"href":"https:\/\/www.martinmalina.com\/index.php?rest_route=%2Fwp%2Fv2%2Fmedia&parent=119"}],"curies":[{"name":"wp","href":"https:\/\/api.w.org\/{rel}","templated":true}]}}